{"id":116,"date":"2017-12-11T13:52:53","date_gmt":"2017-12-11T15:52:53","guid":{"rendered":"https:\/\/jfhortfrut.com.br\/site\/?page_id=116"},"modified":"2017-12-28T15:36:10","modified_gmt":"2017-12-28T17:36:10","slug":"sobre-nos","status":"publish","type":"page","link":"https:\/\/jfhortfrut.com.br\/site\/sobre-nos\/","title":{"rendered":"Sobre n\u00f3s"},"content":{"rendered":"\t\t<div data-elementor-type=\"wp-page\" data-elementor-id=\"116\" class=\"elementor elementor-116 elementor-bc-flex-widget\" data-elementor-post-type=\"page\">\n\t\t\t\t\t\t<section class=\"elementor-section elementor-top-section elementor-element elementor-element-2304360 elementor-section-boxed elementor-section-height-default elementor-section-height-default\" data-id=\"2304360\" data-element_type=\"section\" data-settings=\"{&quot;background_background&quot;:&quot;classic&quot;}\">\n\t\t\t\t\t\t\t<div class=\"elementor-background-overlay\"><\/div>\n\t\t\t\t\t\t\t<div class=\"elementor-container elementor-column-gap-default\">\n\t\t\t\t\t<div class=\"elementor-column elementor-col-100 elementor-top-column elementor-element elementor-element-5304e16\" data-id=\"5304e16\" data-element_type=\"column\">\n\t\t\t<div class=\"elementor-widget-wrap elementor-element-populated\">\n\t\t\t\t\t\t<div class=\"elementor-element elementor-element-3fa7b39 elementor-widget elementor-widget-heading\" data-id=\"3fa7b39\" data-element_type=\"widget\" data-widget_type=\"heading.default\">\n\t\t\t\t<div class=\"elementor-widget-container\">\n\t\t\t\t\t<h1 class=\"elementor-heading-title elementor-size-default\">SOBRE N\u00d3S<\/h1>\t\t\t\t<\/div>\n\t\t\t\t<\/div>\n\t\t\t\t\t<\/div>\n\t\t<\/div>\n\t\t\t\t\t<\/div>\n\t\t<\/section>\n\t\t\t\t<section class=\"elementor-section elementor-top-section elementor-element elementor-element-8ec9208 elementor-section-boxed elementor-section-height-default elementor-section-height-default\" data-id=\"8ec9208\" data-element_type=\"section\">\n\t\t\t\t\t\t<div class=\"elementor-container elementor-column-gap-default\">\n\t\t\t\t\t<div class=\"elementor-column elementor-col-50 elementor-top-column elementor-element elementor-element-b94aa98\" data-id=\"b94aa98\" data-element_type=\"column\">\n\t\t\t<div class=\"elementor-widget-wrap elementor-element-populated\">\n\t\t\t\t\t\t<div class=\"elementor-element elementor-element-7f5ca7e elementor-widget elementor-widget-image\" data-id=\"7f5ca7e\" data-element_type=\"widget\" data-widget_type=\"image.default\">\n\t\t\t\t<div class=\"elementor-widget-container\">\n\t\t\t\t\t\t\t\t\t\t\t\t\t\t\t<img fetchpriority=\"high\" decoding=\"async\" width=\"572\" height=\"386\" src=\"https:\/\/jfhortfrut.com.br\/site\/wp-content\/uploads\/2017\/12\/empresa.jpg\" class=\"attachment-large size-large wp-image-342\" alt=\"Atacado de Frutas, Verduras e Legumes Sorocaba | JF HortFrut\" srcset=\"https:\/\/jfhortfrut.com.br\/site\/wp-content\/uploads\/2017\/12\/empresa.jpg 572w, https:\/\/jfhortfrut.com.br\/site\/wp-content\/uploads\/2017\/12\/empresa-300x202.jpg 300w\" sizes=\"(max-width: 572px) 100vw, 572px\" \/>\t\t\t\t\t\t\t\t\t\t\t\t\t\t\t<\/div>\n\t\t\t\t<\/div>\n\t\t\t\t\t<\/div>\n\t\t<\/div>\n\t\t\t\t<div class=\"elementor-column elementor-col-50 elementor-top-column elementor-element elementor-element-721b83e\" data-id=\"721b83e\" data-element_type=\"column\">\n\t\t\t<div class=\"elementor-widget-wrap elementor-element-populated\">\n\t\t\t\t\t\t<div class=\"elementor-element elementor-element-82e2f31 elementor-widget elementor-widget-text-editor\" data-id=\"82e2f31\" data-element_type=\"widget\" data-widget_type=\"text-editor.default\">\n\t\t\t\t<div class=\"elementor-widget-container\">\n\t\t\t\t\t\t\t\t\t<p>Desde 1992, ano em que iniciou as atividades. J\u00e1 trabalh\u00e1vamos com a feira de rua, por isso sabemos que a qualidade em nosso ramo, \u00e9 realmente o fundamental.<\/p><p>A <a href=\"https:\/\/jfhortfrut.com.br\/site\"><strong>JF HortFrut<\/strong><\/a> \u00e9 uma empresa atacadista de <strong><a href=\"https:\/\/jfhortfrut.com.br\/site\/\">frutas<\/a><\/strong>, <a href=\"https:\/\/jfhortfrut.com.br\/site\/\"><strong>verduras<\/strong><\/a> e<strong><a href=\"https:\/\/jfhortfrut.com.br\/site\/\"> legumes<\/a><\/strong> nacionais e importadas, direto do produtor e tamb\u00e9m alguns de nossos produtos s\u00e3o cultivados e selecionados pela <a href=\"https:\/\/jfhortfrut.com.br\/site\"><strong>JF HortFrut<\/strong><\/a>. Ou seja estamos te oferecendo qualidade, atrelada a nossa experi\u00eancia\u00a0 de mercado.<\/p><p>A <a href=\"https:\/\/jfhortfrut.com.br\/site\"><strong>JF HortFrut<\/strong><\/a> conta com uma equipe de profissionais treinados e capacitados para atender suas necessidades, contamos tamb\u00e9m com uma frota de ve\u00edculos pr\u00f3prios para minimizar o tempo de entrega para nossos clientes.<\/p>\t\t\t\t\t\t\t\t<\/div>\n\t\t\t\t<\/div>\n\t\t\t\t\t<\/div>\n\t\t<\/div>\n\t\t\t\t\t<\/div>\n\t\t<\/section>\n\t\t\t\t<section class=\"elementor-section elementor-top-section elementor-element elementor-element-a618162 elementor-section-boxed elementor-section-height-default elementor-section-height-default\" data-id=\"a618162\" data-element_type=\"section\">\n\t\t\t\t\t\t<div class=\"elementor-container elementor-column-gap-default\">\n\t\t\t\t\t<div class=\"elementor-column elementor-col-100 elementor-top-column elementor-element elementor-element-416e36d\" data-id=\"416e36d\" data-element_type=\"column\">\n\t\t\t<div class=\"elementor-widget-wrap elementor-element-populated\">\n\t\t\t\t\t\t<div class=\"elementor-element elementor-element-b80c405 elementor-widget elementor-widget-text-editor\" data-id=\"b80c405\" data-element_type=\"widget\" data-widget_type=\"text-editor.default\">\n\t\t\t\t<div class=\"elementor-widget-container\">\n\t\t\t\t\t\t\t\t\t<p>No mercado atacadista de produtos selecionados, a <a href=\"https:\/\/jfhortfrut.com.br\/site\"><strong>JF HortFrut<\/strong> <\/a>atende empresas de grande, m\u00e9dio e pequeno porte, nossas centenas de clientes s\u00e3o clientes de <a href=\"https:\/\/jfhortfrut.com.br\/site\"><strong>hipermercado<\/strong><\/a>, <a href=\"https:\/\/jfhortfrut.com.br\/site\"><strong>supermercado<\/strong><\/a>, <a href=\"https:\/\/jfhortfrut.com.br\/site\"><strong>mini-mercado<\/strong><\/a>, <strong><a href=\"https:\/\/jfhortfrut.com.br\/site\">sacol\u00e3o<\/a><\/strong>, <a href=\"https:\/\/jfhortfrut.com.br\/site\"><strong>armaz\u00e9m<\/strong><\/a>, <strong><a href=\"https:\/\/jfhortfrut.com.br\/site\">restaurantes<\/a><\/strong>, <a href=\"https:\/\/jfhortfrut.com.br\/site\"><strong>cozinhas industriais<\/strong><\/a>, <a href=\"https:\/\/jfhortfrut.com.br\/site\"><strong>hospitais<\/strong><\/a>,<strong><a href=\"https:\/\/jfhortfrut.com.br\/site\"> escolas p\u00fablicas e privadas<\/a><\/strong>, <a href=\"https:\/\/jfhortfrut.com.br\/site\"><strong>revendedores de frutas, verduras e legumes<\/strong><\/a> de v\u00e1rias cidades da regi\u00e3o de Sorocaba.<\/p><p>Aproveite, agora que j\u00e1 conheceu um pouco de nossa empresa, contamos com um amplo e moderno espa\u00e7o na <strong><a href=\"http:\/\/www.ceagesp.gov.br\/entrepostos\/interior\/sorocaba\/\">Ceagesp Sorocaba<\/a><\/strong>, totalmente equipado para lhe atender. Venha tomar um caf\u00e9 conosco, venha conhecer como a <a href=\"https:\/\/jfhortfrut.com.br\/site\"><strong>JF HortFrut<\/strong><\/a> realmente pode oferecer qualidade e os melhores produtos de frutas, verduras e legumes nacionais e importadas.\u00a0<\/p><p>Se quiser solicite agora mesmo um<a href=\"https:\/\/jfhortfrut.com.br\/site\/orcamento\/\"><strong> or\u00e7amento sem compromisso<\/strong><\/a>!<\/p>\t\t\t\t\t\t\t\t<\/div>\n\t\t\t\t<\/div>\n\t\t\t\t\t<\/div>\n\t\t<\/div>\n\t\t\t\t\t<\/div>\n\t\t<\/section>\n\t\t\t\t<\/div>\n\t\t","protected":false},"excerpt":{"rendered":"<p>SOBRE N\u00d3S Desde 1992, ano em que iniciou as atividades. J\u00e1 trabalh\u00e1vamos com a feira de rua, por isso sabemos que a qualidade em nosso ramo, \u00e9 realmente o fundamental. A JF HortFrut \u00e9 uma empresa atacadista de frutas, verduras e legumes nacionais e importadas, direto do produtor e tamb\u00e9m alguns de nossos produtos s\u00e3o [&hellip;]<\/p>\n","protected":false},"author":1,"featured_media":0,"parent":0,"menu_order":0,"comment_status":"closed","ping_status":"closed","template":"","meta":{"ocean_post_layout":"full-screen","ocean_both_sidebars_style":"","ocean_both_sidebars_content_width":0,"ocean_both_sidebars_sidebars_width":0,"ocean_sidebar":"0","ocean_second_sidebar":"0","ocean_disable_margins":"on","ocean_add_body_class":"","ocean_shortcode_before_top_bar":"","ocean_shortcode_after_top_bar":"","ocean_shortcode_before_header":"","ocean_shortcode_after_header":"","ocean_has_shortcode":"","ocean_shortcode_after_title":"","ocean_shortcode_before_footer_widgets":"","ocean_shortcode_after_footer_widgets":"","ocean_shortcode_before_footer_bottom":"","ocean_shortcode_after_footer_bottom":"","ocean_display_top_bar":"default","ocean_display_header":"default","ocean_header_style":"","ocean_center_header_left_menu":"0","ocean_custom_header_template":"0","ocean_custom_logo":0,"ocean_custom_retina_logo":0,"ocean_custom_logo_max_width":0,"ocean_custom_logo_tablet_max_width":0,"ocean_custom_logo_mobile_max_width":0,"ocean_custom_logo_max_height":0,"ocean_custom_logo_tablet_max_height":0,"ocean_custom_logo_mobile_max_height":0,"ocean_header_custom_menu":"0","ocean_menu_typo_font_family":"","ocean_menu_typo_font_subset":"","ocean_menu_typo_font_size":0,"ocean_menu_typo_font_size_tablet":0,"ocean_menu_typo_font_size_mobile":0,"ocean_menu_typo_font_size_unit":"px","ocean_menu_typo_font_weight":"","ocean_menu_typo_font_weight_tablet":"","ocean_menu_typo_font_weight_mobile":"","ocean_menu_typo_transform":"","ocean_menu_typo_transform_tablet":"","ocean_menu_typo_transform_mobile":"","ocean_menu_typo_line_height":0,"ocean_menu_typo_line_height_tablet":0,"ocean_menu_typo_line_height_mobile":0,"ocean_menu_typo_line_height_unit":"","ocean_menu_typo_spacing":0,"ocean_menu_typo_spacing_tablet":0,"ocean_menu_typo_spacing_mobile":0,"ocean_menu_typo_spacing_unit":"","ocean_menu_link_color":"","ocean_menu_link_color_hover":"","ocean_menu_link_color_active":"","ocean_menu_link_background":"","ocean_menu_link_hover_background":"","ocean_menu_link_active_background":"","ocean_menu_social_links_bg":"","ocean_menu_social_hover_links_bg":"","ocean_menu_social_links_color":"","ocean_menu_social_hover_links_color":"","ocean_disable_title":"on","ocean_disable_heading":"default","ocean_post_title":"","ocean_post_subheading":"","ocean_post_title_style":"","ocean_post_title_background_color":"","ocean_post_title_background":0,"ocean_post_title_bg_image_position":"","ocean_post_title_bg_image_attachment":"","ocean_post_title_bg_image_repeat":"","ocean_post_title_bg_image_size":"","ocean_post_title_height":0,"ocean_post_title_bg_overlay":0.5,"ocean_post_title_bg_overlay_color":"","ocean_disable_breadcrumbs":"default","ocean_breadcrumbs_color":"","ocean_breadcrumbs_separator_color":"","ocean_breadcrumbs_links_color":"","ocean_breadcrumbs_links_hover_color":"","ocean_display_footer_widgets":"default","ocean_display_footer_bottom":"default","ocean_custom_footer_template":"","footnotes":""},"class_list":["post-116","page","type-page","status-publish","hentry","entry"],"_links":{"self":[{"href":"https:\/\/jfhortfrut.com.br\/site\/wp-json\/wp\/v2\/pages\/116","targetHints":{"allow":["GET"]}}],"collection":[{"href":"https:\/\/jfhortfrut.com.br\/site\/wp-json\/wp\/v2\/pages"}],"about":[{"href":"https:\/\/jfhortfrut.com.br\/site\/wp-json\/wp\/v2\/types\/page"}],"author":[{"embeddable":true,"href":"https:\/\/jfhortfrut.com.br\/site\/wp-json\/wp\/v2\/users\/1"}],"replies":[{"embeddable":true,"href":"https:\/\/jfhortfrut.com.br\/site\/wp-json\/wp\/v2\/comments?post=116"}],"version-history":[{"count":7,"href":"https:\/\/jfhortfrut.com.br\/site\/wp-json\/wp\/v2\/pages\/116\/revisions"}],"predecessor-version":[{"id":444,"href":"https:\/\/jfhortfrut.com.br\/site\/wp-json\/wp\/v2\/pages\/116\/revisions\/444"}],"wp:attachment":[{"href":"https:\/\/jfhortfrut.com.br\/site\/wp-json\/wp\/v2\/media?parent=116"}],"curies":[{"name":"wp","href":"https:\/\/api.w.org\/{rel}","templated":true}]}}